{"id":606,"date":"2016-03-09T16:23:10","date_gmt":"2016-03-09T16:23:10","guid":{"rendered":"http:\/\/logart.com.pl\/?page_id=606"},"modified":"2019-07-11T11:47:02","modified_gmt":"2019-07-11T11:47:02","slug":"rekrutacja-dla-produkcji","status":"publish","type":"page","link":"https:\/\/www.logart.com.pl\/index.php\/dla-pracodawcy\/rekrutacja-dla-produkcji\/","title":{"rendered":"Rekrutacja dla produkcji"},"content":{"rendered":"<p><\/p>\n<h3 style=\"text-align: justify;\">Rekrutacja dla produkcji<\/h3>\n<p style=\"text-align: justify;\">Poszukiwanie specjalist\u00f3w dla firm produkcyjnych cz\u0119sto wymaga od pracownik\u00f3w agencji rekrutacyjnej wiedzy technicznej oraz praktycznej znajomo\u015bci proces\u00f3w produkcji. Nasi konsultanci posiadaj\u0105 odpowiednie do\u015bwiadczenie w tym zakresie, dzi\u0119ki czemu jeste\u015bmy w stanie sprosta\u0107 wymagaj\u0105cym zleceniom rekrutacyjnym.<\/p>\n<h4 style=\"text-align: justify;\">Stanowiska, na kt\u00f3re wyszukujemy kandydat\u00f3w to m.in.:<\/h4>\n<ul>\n<li style=\"text-align: justify;\">\n<h5>Kierownik\/Dyrektor produkcji<\/h5>\n<\/li>\n<li style=\"text-align: justify;\">\n<h5>Kierownik utrzymania ruchu<\/h5>\n<\/li>\n<li style=\"text-align: justify;\">\n<h5>Specjalista ds. planowania<\/h5>\n<\/li>\n<li style=\"text-align: justify;\">\n<h5>In\u017cynier procesu<\/h5>\n<\/li>\n<li style=\"text-align: justify;\">\n<h5>Specjalista ds. jako\u015bci<\/h5>\n<\/li>\n<li style=\"text-align: justify;\">\n<h5>Technolog\/Programista CNC<\/h5>\n<\/li>\n<li style=\"text-align: justify;\">\n<h5>Kierownik\/Specjalista ds. zakup\u00f3w<\/h5>\n<\/li>\n<\/ul>\n<p style=\"text-align: justify;\">Ponadto naszym klientom z sektora produkcji udost\u0119pniamy pracownik\u00f3w tymczasowych w ramach <a href=\"http:\/\/logart.com.pl\/index.php\/dla-pracodawcy\/leasing-pracowniczy\/\">leasingu pracowniczego<\/a>.<\/p>\n<p><a href=\"http:\/\/logart.com.pl\/wp-content\/uploads\/2016\/01\/iStock_000070841345_XXXLarge.jpg\"><img decoding=\"async\" loading=\"lazy\" class=\"wp-image-634\" src=\"http:\/\/logart.com.pl\/wp-content\/uploads\/2016\/01\/iStock_000070841345_XXXLarge-1024x683.jpg\" alt=\"Two young handsome engineers working on electronics components and fixing broken chips\" width=\"780\" height=\"520\" srcset=\"https:\/\/www.logart.com.pl\/wp-content\/uploads\/2016\/01\/iStock_000070841345_XXXLarge-1024x683.jpg 1024w, https:\/\/www.logart.com.pl\/wp-content\/uploads\/2016\/01\/iStock_000070841345_XXXLarge-300x200.jpg 300w\" sizes=\"(max-width: 780px) 100vw, 780px\" \/><\/a><\/p>\n<p style=\"text-align: justify;\">\n<p><\/p>","protected":false},"excerpt":{"rendered":"<p>Rekrutacja dla produkcji Poszukiwanie specjalist\u00f3w dla firm produkcyjnych cz\u0119sto wymaga od pracownik\u00f3w agencji rekrutacyjnej wiedzy technicznej oraz praktycznej znajomo\u015bci proces\u00f3w produkcji. Nasi konsultanci posiadaj\u0105 odpowiednie do\u015bwiadczenie w tym zakresie, dzi\u0119ki czemu jeste\u015bmy w stanie sprosta\u0107 wymagaj\u0105cym zleceniom rekrutacyjnym. Stanowiska, na kt\u00f3re wyszukujemy kandydat\u00f3w to m.in.: Kierownik\/Dyrektor produkcji Kierownik utrzymania ruchu Specjalista ds. planowania In\u017cynier procesu &hellip; <a href=\"https:\/\/www.logart.com.pl\/index.php\/dla-pracodawcy\/rekrutacja-dla-produkcji\/\" class=\"more-link\">Czytaj dalej <span class=\"screen-reader-text\">Rekrutacja dla produkcji<\/span> <span class=\"meta-nav\">&rarr;<\/span><\/a><\/p>\n","protected":false},"author":1,"featured_media":0,"parent":114,"menu_order":8,"comment_status":"closed","ping_status":"closed","template":"","meta":{"_mi_skip_tracking":false,"_monsterinsights_sitenote_active":false,"_monsterinsights_sitenote_note":"","_monsterinsights_sitenote_category":0},"acf":[],"yoast_head":"<!-- This site is optimized with the Yoast SEO plugin v21.3 - https:\/\/yoast.com\/wordpress\/plugins\/seo\/ -->\n<title>Rekrutacja dla produkcji - Logart<\/title>\n<meta name=\"robots\" content=\"index, follow, max-snippet:-1, max-image-preview:large, max-video-preview:-1\" \/>\n<link rel=\"canonical\" href=\"https:\/\/logart.com.pl\/index.php\/dla-pracodawcy\/rekrutacja-dla-produkcji\/\" \/>\n<meta property=\"og:locale\" content=\"pl_PL\" \/>\n<meta property=\"og:type\" content=\"article\" \/>\n<meta property=\"og:title\" content=\"[:pl]Rekrutacja dla produkcji[:en]Recruitment for production[:ru]\u041f\u043e\u0434\u0431\u043e\u0440 \u043f\u0435\u0440\u0441\u043e\u043d\u0430\u043b\u0430 \u0434\u043b\u044f \u043f\u0440\u043e\u0438\u0437\u0432\u043e\u0434\u0441\u0442\u0432\u0430 [:] - Logart\" \/>\n<meta property=\"og:description\" content=\"Rekrutacja dla produkcji Poszukiwanie specjalist\u00f3w dla firm produkcyjnych cz\u0119sto wymaga od pracownik\u00f3w agencji rekrutacyjnej wiedzy technicznej oraz praktycznej znajomo\u015bci proces\u00f3w produkcji. Nasi konsultanci posiadaj\u0105 odpowiednie do\u015bwiadczenie w tym zakresie, dzi\u0119ki czemu jeste\u015bmy w stanie sprosta\u0107 wymagaj\u0105cym zleceniom rekrutacyjnym. Stanowiska, na kt\u00f3re wyszukujemy kandydat\u00f3w to m.in.: Kierownik\/Dyrektor produkcji Kierownik utrzymania ruchu Specjalista ds. planowania In\u017cynier procesu &hellip; Czytaj dalej Rekrutacja dla produkcji &rarr;\" \/>\n<meta property=\"og:url\" content=\"https:\/\/logart.com.pl\/index.php\/dla-pracodawcy\/rekrutacja-dla-produkcji\/\" \/>\n<meta property=\"og:site_name\" content=\"Logart\" \/>\n<meta property=\"article:modified_time\" content=\"2019-07-11T11:47:02+00:00\" \/>\n<meta property=\"og:image\" content=\"http:\/\/logart.com.pl\/wp-content\/uploads\/2016\/01\/iStock_000070841345_XXXLarge-1024x683.jpg\" \/>\n<meta name=\"twitter:card\" content=\"summary_large_image\" \/>\n<meta name=\"twitter:label1\" content=\"Szacowany czas czytania\" \/>\n\t<meta name=\"twitter:data1\" content=\"1 minuta\" \/>\n<script type=\"application\/ld+json\" class=\"yoast-schema-graph\">{\"@context\":\"https:\/\/schema.org\",\"@graph\":[{\"@type\":\"WebPage\",\"@id\":\"https:\/\/logart.com.pl\/index.php\/dla-pracodawcy\/rekrutacja-dla-produkcji\/\",\"url\":\"https:\/\/logart.com.pl\/index.php\/dla-pracodawcy\/rekrutacja-dla-produkcji\/\",\"name\":\"[:pl]Rekrutacja dla produkcji[:en]Recruitment for production[:ru]\u041f\u043e\u0434\u0431\u043e\u0440 \u043f\u0435\u0440\u0441\u043e\u043d\u0430\u043b\u0430 \u0434\u043b\u044f \u043f\u0440\u043e\u0438\u0437\u0432\u043e\u0434\u0441\u0442\u0432\u0430 [:] - Logart\",\"isPartOf\":{\"@id\":\"https:\/\/blogs.wp.og.logart.com.pl\/#website\"},\"datePublished\":\"2016-03-09T16:23:10+00:00\",\"dateModified\":\"2019-07-11T11:47:02+00:00\",\"breadcrumb\":{\"@id\":\"https:\/\/logart.com.pl\/index.php\/dla-pracodawcy\/rekrutacja-dla-produkcji\/#breadcrumb\"},\"inLanguage\":\"pl-PL\",\"potentialAction\":[{\"@type\":\"ReadAction\",\"target\":[\"https:\/\/logart.com.pl\/index.php\/dla-pracodawcy\/rekrutacja-dla-produkcji\/\"]}]},{\"@type\":\"BreadcrumbList\",\"@id\":\"https:\/\/logart.com.pl\/index.php\/dla-pracodawcy\/rekrutacja-dla-produkcji\/#breadcrumb\",\"itemListElement\":[{\"@type\":\"ListItem\",\"position\":1,\"name\":\"Strona g\u0142\u00f3wna\",\"item\":\"https:\/\/blogs.wp.og.logart.com.pl\/\"},{\"@type\":\"ListItem\",\"position\":2,\"name\":\"Dla pracodawcy\",\"item\":\"https:\/\/logart.com.pl\/index.php\/dla-pracodawcy\/\"},{\"@type\":\"ListItem\",\"position\":3,\"name\":\"Rekrutacja dla produkcji\"}]},{\"@type\":\"WebSite\",\"@id\":\"https:\/\/blogs.wp.og.logart.com.pl\/#website\",\"url\":\"https:\/\/blogs.wp.og.logart.com.pl\/\",\"name\":\"Logart\",\"description\":\"Personnel Consulting\",\"potentialAction\":[{\"@type\":\"SearchAction\",\"target\":{\"@type\":\"EntryPoint\",\"urlTemplate\":\"https:\/\/blogs.wp.og.logart.com.pl\/?s={search_term_string}\"},\"query-input\":\"required name=search_term_string\"}],\"inLanguage\":\"pl-PL\"}]}<\/script>\n<!-- \/ Yoast SEO plugin. -->","yoast_head_json":{"title":"[:pl]Rekrutacja dla produkcji[:en]Recruitment for production[:ru]\u041f\u043e\u0434\u0431\u043e\u0440 \u043f\u0435\u0440\u0441\u043e\u043d\u0430\u043b\u0430 \u0434\u043b\u044f \u043f\u0440\u043e\u0438\u0437\u0432\u043e\u0434\u0441\u0442\u0432\u0430 [:] - Logart","robots":{"index":"index","follow":"follow","max-snippet":"max-snippet:-1","max-image-preview":"max-image-preview:large","max-video-preview":"max-video-preview:-1"},"canonical":"https:\/\/logart.com.pl\/index.php\/dla-pracodawcy\/rekrutacja-dla-produkcji\/","og_locale":"pl_PL","og_type":"article","og_title":"[:pl]Rekrutacja dla produkcji[:en]Recruitment for production[:ru]\u041f\u043e\u0434\u0431\u043e\u0440 \u043f\u0435\u0440\u0441\u043e\u043d\u0430\u043b\u0430 \u0434\u043b\u044f \u043f\u0440\u043e\u0438\u0437\u0432\u043e\u0434\u0441\u0442\u0432\u0430 [:] - Logart","og_description":"Rekrutacja dla produkcji Poszukiwanie specjalist\u00f3w dla firm produkcyjnych cz\u0119sto wymaga od pracownik\u00f3w agencji rekrutacyjnej wiedzy technicznej oraz praktycznej znajomo\u015bci proces\u00f3w produkcji. Nasi konsultanci posiadaj\u0105 odpowiednie do\u015bwiadczenie w tym zakresie, dzi\u0119ki czemu jeste\u015bmy w stanie sprosta\u0107 wymagaj\u0105cym zleceniom rekrutacyjnym. Stanowiska, na kt\u00f3re wyszukujemy kandydat\u00f3w to m.in.: Kierownik\/Dyrektor produkcji Kierownik utrzymania ruchu Specjalista ds. planowania In\u017cynier procesu &hellip; Czytaj dalej Rekrutacja dla produkcji &rarr;","og_url":"https:\/\/logart.com.pl\/index.php\/dla-pracodawcy\/rekrutacja-dla-produkcji\/","og_site_name":"Logart","article_modified_time":"2019-07-11T11:47:02+00:00","og_image":[{"url":"http:\/\/logart.com.pl\/wp-content\/uploads\/2016\/01\/iStock_000070841345_XXXLarge-1024x683.jpg"}],"twitter_card":"summary_large_image","twitter_misc":{"Szacowany czas czytania":"1 minuta"},"schema":{"@context":"https:\/\/schema.org","@graph":[{"@type":"WebPage","@id":"https:\/\/logart.com.pl\/index.php\/dla-pracodawcy\/rekrutacja-dla-produkcji\/","url":"https:\/\/logart.com.pl\/index.php\/dla-pracodawcy\/rekrutacja-dla-produkcji\/","name":"[:pl]Rekrutacja dla produkcji[:en]Recruitment for production[:ru]\u041f\u043e\u0434\u0431\u043e\u0440 \u043f\u0435\u0440\u0441\u043e\u043d\u0430\u043b\u0430 \u0434\u043b\u044f \u043f\u0440\u043e\u0438\u0437\u0432\u043e\u0434\u0441\u0442\u0432\u0430 [:] - Logart","isPartOf":{"@id":"https:\/\/blogs.wp.og.logart.com.pl\/#website"},"datePublished":"2016-03-09T16:23:10+00:00","dateModified":"2019-07-11T11:47:02+00:00","breadcrumb":{"@id":"https:\/\/logart.com.pl\/index.php\/dla-pracodawcy\/rekrutacja-dla-produkcji\/#breadcrumb"},"inLanguage":"pl-PL","potentialAction":[{"@type":"ReadAction","target":["https:\/\/logart.com.pl\/index.php\/dla-pracodawcy\/rekrutacja-dla-produkcji\/"]}]},{"@type":"BreadcrumbList","@id":"https:\/\/logart.com.pl\/index.php\/dla-pracodawcy\/rekrutacja-dla-produkcji\/#breadcrumb","itemListElement":[{"@type":"ListItem","position":1,"name":"Strona g\u0142\u00f3wna","item":"https:\/\/blogs.wp.og.logart.com.pl\/"},{"@type":"ListItem","position":2,"name":"Dla pracodawcy","item":"https:\/\/logart.com.pl\/index.php\/dla-pracodawcy\/"},{"@type":"ListItem","position":3,"name":"Rekrutacja dla produkcji"}]},{"@type":"WebSite","@id":"https:\/\/blogs.wp.og.logart.com.pl\/#website","url":"https:\/\/blogs.wp.og.logart.com.pl\/","name":"Logart","description":"Personnel Consulting","potentialAction":[{"@type":"SearchAction","target":{"@type":"EntryPoint","urlTemplate":"https:\/\/blogs.wp.og.logart.com.pl\/?s={search_term_string}"},"query-input":"required name=search_term_string"}],"inLanguage":"pl-PL"}]}},"_links":{"self":[{"href":"https:\/\/www.logart.com.pl\/index.php\/wp-json\/wp\/v2\/pages\/606"}],"collection":[{"href":"https:\/\/www.logart.com.pl\/index.php\/wp-json\/wp\/v2\/pages"}],"about":[{"href":"https:\/\/www.logart.com.pl\/index.php\/wp-json\/wp\/v2\/types\/page"}],"author":[{"embeddable":true,"href":"https:\/\/www.logart.com.pl\/index.php\/wp-json\/wp\/v2\/users\/1"}],"replies":[{"embeddable":true,"href":"https:\/\/www.logart.com.pl\/index.php\/wp-json\/wp\/v2\/comments?post=606"}],"version-history":[{"count":27,"href":"https:\/\/www.logart.com.pl\/index.php\/wp-json\/wp\/v2\/pages\/606\/revisions"}],"predecessor-version":[{"id":1988,"href":"https:\/\/www.logart.com.pl\/index.php\/wp-json\/wp\/v2\/pages\/606\/revisions\/1988"}],"up":[{"embeddable":true,"href":"https:\/\/www.logart.com.pl\/index.php\/wp-json\/wp\/v2\/pages\/114"}],"wp:attachment":[{"href":"https:\/\/www.logart.com.pl\/index.php\/wp-json\/wp\/v2\/media?parent=606"}],"curies":[{"name":"wp","href":"https:\/\/api.w.org\/{rel}","templated":true}]}}