{"id":600,"date":"2016-03-09T15:58:21","date_gmt":"2016-03-09T15:58:21","guid":{"rendered":"http:\/\/logart.com.pl\/?page_id=600"},"modified":"2025-05-13T12:39:42","modified_gmt":"2025-05-13T12:39:42","slug":"rekrutacja_dla_spedycji_i_logistyki","status":"publish","type":"page","link":"https:\/\/www.logart.com.pl\/index.php\/dla-pracodawcy\/rekrutacja_dla_spedycji_i_logistyki\/","title":{"rendered":"Rekrutacja dla spedycji i logistyki"},"content":{"rendered":"<p><\/p>\n<h3 style=\"text-align: justify;\">Rekrutacja dla spedycji i logistyki<\/h3>\n<p style=\"text-align: justify;\">Obs\u0142uguj\u0105c od 2003 roku klient\u00f3w z sektora Transport, Spedycja, Logistyka stali\u015bmy si\u0119 ekspertami nie tylko w zakresie znajomo\u015bci rynku pracodawc\u00f3w, ale tak\u017ce mo\u017cliwo\u015bci weryfikacji merytorycznej wiedzy kandydat\u00f3w. To, co nas wyr\u00f3\u017cnia to posiadanie prawdopodobnie najwi\u0119kszej w Polsce bazy kandydat\u00f3w wyspecjalizowanych w obszarze TSL.<\/p>\n<p><a href=\"http:\/\/logart.com.pl\/wp-content\/uploads\/2016\/01\/Rysunek1.jpg\"><img decoding=\"async\" loading=\"lazy\" class=\"aligncenter wp-image-889\" src=\"http:\/\/logart.com.pl\/wp-content\/uploads\/2016\/01\/Rysunek1-1024x583.jpg\" alt=\"Rysunek1\" width=\"780\" height=\"444\" srcset=\"https:\/\/www.logart.com.pl\/wp-content\/uploads\/2016\/01\/Rysunek1-1024x583.jpg 1024w, https:\/\/www.logart.com.pl\/wp-content\/uploads\/2016\/01\/Rysunek1-300x171.jpg 300w\" sizes=\"(max-width: 780px) 100vw, 780px\" \/><\/a><\/p>\n<h4 style=\"text-align: justify;\">Logart najcz\u0119\u015bciej rekrutuje kandydat\u00f3w dla:<\/h4>\n<ul style=\"text-align: justify;\">\n<li style=\"text-align: justify;\"><strong>operator\u00f3w logistycznych<\/strong><\/li>\n<li style=\"text-align: justify;\"><strong>firm spedycyjno-transportowych<\/strong><\/li>\n<li style=\"text-align: justify;\"><strong>dzia\u0142\u00f3w logistyki przedsi\u0119biorstw produkcyjnych i handlowych<\/strong> &#8211; pracownicy tych dzia\u0142\u00f3w sprawuj\u0105 nadz\u00f3r nad\u00a0 prawid\u0142owym przebiegiem proces\u00f3w przemieszczania towar\u00f3w, a wi\u0119c zajmuj\u0105 si\u0119 m.in. zaopatrzeniem, magazynowaniem, konfekcj\u0105 oraz dystrybucj\u0105<\/li>\n<\/ul>\n<h4 style=\"text-align: justify;\">Najbardziej popularne stanowiska w bran\u017cy TSL na kt\u00f3re wyszukujemy kandydat\u00f3w to:<\/h4>\n<ul style=\"text-align: justify;\">\n<li>Specjalista ds. spedycji \/ Spedytor<\/li>\n<li>Specjalista ds. sprzeda\u017cy<\/li>\n<li>Key Account Manager \/ Kierownik ds. kluczowych klient\u00f3w<\/li>\n<li>Kierownik oddzia\u0142u<\/li>\n<li>Kierownik transportu<\/li>\n<li>Specjalista ds. logistyki<\/li>\n<li>Specjalista import \/ eksportu<\/li>\n<li>Pracownik administracyjny magazynu<\/li>\n<\/ul>\n<p style=\"text-align: justify;\"><strong>Logistyka to bran\u017ca dla ludzi dynamicznych, kreatywnych oraz przedk\u0142adaj\u0105cych zmienno\u015b\u0107 sytuacji nad stabilizacj\u0119<\/strong> i szablonowo\u015b\u0107 zada\u0144. Cz\u0119stymi elementami zakresu obowi\u0105zk\u00f3w s\u0105: organizacja transportu, nadz\u00f3r nad terminowo\u015bci\u0105 dostaw oraz zapewnienie zgodno\u015bci stan\u00f3w magazynowych z danymi znajduj\u0105cymi si\u0119 w systemach informatycznych. Z tego powodu istotnymi kryteriami oceny kandydat\u00f3w s\u0105: kreatywno\u015b\u0107, czyli zdolno\u015b\u0107 do samodzielnego poszukiwania rozwi\u0105za\u0144, odpowiedzialno\u015b\u0107, podzielno\u015b\u0107 uwagi, umiej\u0119tno\u015b\u0107 pracy pod presj\u0105.<\/p>\n<p>&nbsp;<\/p>","protected":false},"excerpt":{"rendered":"<p>Rekrutacja dla spedycji i logistyki Obs\u0142uguj\u0105c od 2003 roku klient\u00f3w z sektora Transport, Spedycja, Logistyka stali\u015bmy si\u0119 ekspertami nie tylko w zakresie znajomo\u015bci rynku pracodawc\u00f3w, ale tak\u017ce mo\u017cliwo\u015bci weryfikacji merytorycznej wiedzy kandydat\u00f3w. To, co nas wyr\u00f3\u017cnia to posiadanie prawdopodobnie najwi\u0119kszej w Polsce bazy kandydat\u00f3w wyspecjalizowanych w obszarze TSL. Logart najcz\u0119\u015bciej rekrutuje kandydat\u00f3w dla: operator\u00f3w logistycznych &hellip; <a href=\"https:\/\/www.logart.com.pl\/index.php\/dla-pracodawcy\/rekrutacja_dla_spedycji_i_logistyki\/\" class=\"more-link\">Czytaj dalej <span class=\"screen-reader-text\">Rekrutacja dla spedycji i logistyki<\/span> <span class=\"meta-nav\">&rarr;<\/span><\/a><\/p>\n","protected":false},"author":1,"featured_media":0,"parent":114,"menu_order":7,"comment_status":"closed","ping_status":"closed","template":"","meta":{"_mi_skip_tracking":false,"_monsterinsights_sitenote_active":false,"_monsterinsights_sitenote_note":"","_monsterinsights_sitenote_category":0},"acf":[],"yoast_head":"<!-- This site is optimized with the Yoast SEO plugin v21.3 - https:\/\/yoast.com\/wordpress\/plugins\/seo\/ -->\n<title>Rekrutacja dla spedycji i logistyki - Logart<\/title>\n<meta name=\"robots\" content=\"index, follow, max-snippet:-1, max-image-preview:large, max-video-preview:-1\" \/>\n<link rel=\"canonical\" href=\"https:\/\/blog.blog.blog.autodiscover.logart.com.pl\/index.php\/dla-pracodawcy\/rekrutacja_dla_spedycji_i_logistyki\/?lang=ru\" \/>\n<meta property=\"og:locale\" content=\"pl_PL\" \/>\n<meta property=\"og:type\" content=\"article\" \/>\n<meta property=\"og:title\" content=\"[:pl]Rekrutacja dla spedycji i logistyki[:en]Recruitment services for logistics[:ru]\u041f\u043e\u0434\u0431\u043e\u0440 \u043f\u0435\u0440\u0441\u043e\u043d\u0430\u043b\u0430 \u0434\u043b\u044f \u043b\u043e\u0433\u0438\u0441\u0442\u0438\u043a\u0438[:] - Logart\" \/>\n<meta property=\"og:description\" content=\"Rekrutacja dla spedycji i logistyki Obs\u0142uguj\u0105c od 2003 roku klient\u00f3w z sektora Transport, Spedycja, Logistyka stali\u015bmy si\u0119 ekspertami nie tylko w zakresie znajomo\u015bci rynku pracodawc\u00f3w, ale tak\u017ce mo\u017cliwo\u015bci weryfikacji merytorycznej wiedzy kandydat\u00f3w. To, co nas wyr\u00f3\u017cnia to posiadanie prawdopodobnie najwi\u0119kszej w Polsce bazy kandydat\u00f3w wyspecjalizowanych w obszarze TSL. Logart najcz\u0119\u015bciej rekrutuje kandydat\u00f3w dla: operator\u00f3w logistycznych &hellip; Czytaj dalej Rekrutacja dla spedycji i logistyki &rarr;\" \/>\n<meta property=\"og:url\" content=\"https:\/\/blog.blog.blog.autodiscover.logart.com.pl\/index.php\/dla-pracodawcy\/rekrutacja_dla_spedycji_i_logistyki\/?lang=ru\" \/>\n<meta property=\"og:site_name\" content=\"Logart\" \/>\n<meta property=\"article:modified_time\" content=\"2025-05-13T12:39:42+00:00\" \/>\n<meta property=\"og:image\" content=\"http:\/\/logart.com.pl\/wp-content\/uploads\/2016\/01\/Rysunek1-1024x583.jpg\" \/>\n<meta name=\"twitter:card\" content=\"summary_large_image\" \/>\n<meta name=\"twitter:label1\" content=\"Szacowany czas czytania\" \/>\n\t<meta name=\"twitter:data1\" content=\"5 minut\" \/>\n<script type=\"application\/ld+json\" class=\"yoast-schema-graph\">{\"@context\":\"https:\/\/schema.org\",\"@graph\":[{\"@type\":\"WebPage\",\"@id\":\"https:\/\/blog.blog.blog.autodiscover.logart.com.pl\/index.php\/dla-pracodawcy\/rekrutacja_dla_spedycji_i_logistyki\/?lang=ru\",\"url\":\"https:\/\/blog.blog.blog.autodiscover.logart.com.pl\/index.php\/dla-pracodawcy\/rekrutacja_dla_spedycji_i_logistyki\/?lang=ru\",\"name\":\"[:pl]Rekrutacja dla spedycji i logistyki[:en]Recruitment services for logistics[:ru]\u041f\u043e\u0434\u0431\u043e\u0440 \u043f\u0435\u0440\u0441\u043e\u043d\u0430\u043b\u0430 \u0434\u043b\u044f \u043b\u043e\u0433\u0438\u0441\u0442\u0438\u043a\u0438[:] - Logart\",\"isPartOf\":{\"@id\":\"https:\/\/example.blog.blog.wp.og.wordpress.logart.com.pl\/#website\"},\"datePublished\":\"2016-03-09T15:58:21+00:00\",\"dateModified\":\"2025-05-13T12:39:42+00:00\",\"breadcrumb\":{\"@id\":\"https:\/\/blog.blog.blog.autodiscover.logart.com.pl\/index.php\/dla-pracodawcy\/rekrutacja_dla_spedycji_i_logistyki\/?lang=ru#breadcrumb\"},\"inLanguage\":\"pl-PL\",\"potentialAction\":[{\"@type\":\"ReadAction\",\"target\":[\"https:\/\/blog.blog.blog.autodiscover.logart.com.pl\/index.php\/dla-pracodawcy\/rekrutacja_dla_spedycji_i_logistyki\/?lang=ru\"]}]},{\"@type\":\"BreadcrumbList\",\"@id\":\"https:\/\/blog.blog.blog.autodiscover.logart.com.pl\/index.php\/dla-pracodawcy\/rekrutacja_dla_spedycji_i_logistyki\/?lang=ru#breadcrumb\",\"itemListElement\":[{\"@type\":\"ListItem\",\"position\":1,\"name\":\"Strona g\u0142\u00f3wna\",\"item\":\"https:\/\/example.blog.blog.wp.og.wordpress.logart.com.pl\/\"},{\"@type\":\"ListItem\",\"position\":2,\"name\":\"Dla pracodawcy\",\"item\":\"https:\/\/example.blog.blog.wp.og.wordpress.logart.com.pl\/index.php\/dla-pracodawcy\/\"},{\"@type\":\"ListItem\",\"position\":3,\"name\":\"\u041f\u043e\u0434\u0431\u043e\u0440 \u043f\u0435\u0440\u0441\u043e\u043d\u0430\u043b\u0430 \u0434\u043b\u044f \u043b\u043e\u0433\u0438\u0441\u0442\u0438\u043a\u0438\"}]},{\"@type\":\"WebSite\",\"@id\":\"https:\/\/example.blog.blog.wp.og.wordpress.logart.com.pl\/#website\",\"url\":\"https:\/\/example.blog.blog.wp.og.wordpress.logart.com.pl\/\",\"name\":\"Logart\",\"description\":\"Personnel Consulting\",\"potentialAction\":[{\"@type\":\"SearchAction\",\"target\":{\"@type\":\"EntryPoint\",\"urlTemplate\":\"https:\/\/example.blog.blog.wp.og.wordpress.logart.com.pl\/?s={search_term_string}\"},\"query-input\":\"required name=search_term_string\"}],\"inLanguage\":\"pl-PL\"}]}<\/script>\n<!-- \/ Yoast SEO plugin. -->","yoast_head_json":{"title":"[:pl]Rekrutacja dla spedycji i logistyki[:en]Recruitment services for logistics[:ru]\u041f\u043e\u0434\u0431\u043e\u0440 \u043f\u0435\u0440\u0441\u043e\u043d\u0430\u043b\u0430 \u0434\u043b\u044f \u043b\u043e\u0433\u0438\u0441\u0442\u0438\u043a\u0438[:] - Logart","robots":{"index":"index","follow":"follow","max-snippet":"max-snippet:-1","max-image-preview":"max-image-preview:large","max-video-preview":"max-video-preview:-1"},"canonical":"https:\/\/blog.blog.blog.autodiscover.logart.com.pl\/index.php\/dla-pracodawcy\/rekrutacja_dla_spedycji_i_logistyki\/?lang=ru","og_locale":"pl_PL","og_type":"article","og_title":"[:pl]Rekrutacja dla spedycji i logistyki[:en]Recruitment services for logistics[:ru]\u041f\u043e\u0434\u0431\u043e\u0440 \u043f\u0435\u0440\u0441\u043e\u043d\u0430\u043b\u0430 \u0434\u043b\u044f \u043b\u043e\u0433\u0438\u0441\u0442\u0438\u043a\u0438[:] - Logart","og_description":"Rekrutacja dla spedycji i logistyki Obs\u0142uguj\u0105c od 2003 roku klient\u00f3w z sektora Transport, Spedycja, Logistyka stali\u015bmy si\u0119 ekspertami nie tylko w zakresie znajomo\u015bci rynku pracodawc\u00f3w, ale tak\u017ce mo\u017cliwo\u015bci weryfikacji merytorycznej wiedzy kandydat\u00f3w. To, co nas wyr\u00f3\u017cnia to posiadanie prawdopodobnie najwi\u0119kszej w Polsce bazy kandydat\u00f3w wyspecjalizowanych w obszarze TSL. Logart najcz\u0119\u015bciej rekrutuje kandydat\u00f3w dla: operator\u00f3w logistycznych &hellip; Czytaj dalej Rekrutacja dla spedycji i logistyki &rarr;","og_url":"https:\/\/blog.blog.blog.autodiscover.logart.com.pl\/index.php\/dla-pracodawcy\/rekrutacja_dla_spedycji_i_logistyki\/?lang=ru","og_site_name":"Logart","article_modified_time":"2025-05-13T12:39:42+00:00","og_image":[{"url":"http:\/\/logart.com.pl\/wp-content\/uploads\/2016\/01\/Rysunek1-1024x583.jpg"}],"twitter_card":"summary_large_image","twitter_misc":{"Szacowany czas czytania":"5 minut"},"schema":{"@context":"https:\/\/schema.org","@graph":[{"@type":"WebPage","@id":"https:\/\/blog.blog.blog.autodiscover.logart.com.pl\/index.php\/dla-pracodawcy\/rekrutacja_dla_spedycji_i_logistyki\/?lang=ru","url":"https:\/\/blog.blog.blog.autodiscover.logart.com.pl\/index.php\/dla-pracodawcy\/rekrutacja_dla_spedycji_i_logistyki\/?lang=ru","name":"[:pl]Rekrutacja dla spedycji i logistyki[:en]Recruitment services for logistics[:ru]\u041f\u043e\u0434\u0431\u043e\u0440 \u043f\u0435\u0440\u0441\u043e\u043d\u0430\u043b\u0430 \u0434\u043b\u044f \u043b\u043e\u0433\u0438\u0441\u0442\u0438\u043a\u0438[:] - Logart","isPartOf":{"@id":"https:\/\/example.blog.blog.wp.og.wordpress.logart.com.pl\/#website"},"datePublished":"2016-03-09T15:58:21+00:00","dateModified":"2025-05-13T12:39:42+00:00","breadcrumb":{"@id":"https:\/\/blog.blog.blog.autodiscover.logart.com.pl\/index.php\/dla-pracodawcy\/rekrutacja_dla_spedycji_i_logistyki\/?lang=ru#breadcrumb"},"inLanguage":"pl-PL","potentialAction":[{"@type":"ReadAction","target":["https:\/\/blog.blog.blog.autodiscover.logart.com.pl\/index.php\/dla-pracodawcy\/rekrutacja_dla_spedycji_i_logistyki\/?lang=ru"]}]},{"@type":"BreadcrumbList","@id":"https:\/\/blog.blog.blog.autodiscover.logart.com.pl\/index.php\/dla-pracodawcy\/rekrutacja_dla_spedycji_i_logistyki\/?lang=ru#breadcrumb","itemListElement":[{"@type":"ListItem","position":1,"name":"Strona g\u0142\u00f3wna","item":"https:\/\/example.blog.blog.wp.og.wordpress.logart.com.pl\/"},{"@type":"ListItem","position":2,"name":"Dla pracodawcy","item":"https:\/\/example.blog.blog.wp.og.wordpress.logart.com.pl\/index.php\/dla-pracodawcy\/"},{"@type":"ListItem","position":3,"name":"\u041f\u043e\u0434\u0431\u043e\u0440 \u043f\u0435\u0440\u0441\u043e\u043d\u0430\u043b\u0430 \u0434\u043b\u044f \u043b\u043e\u0433\u0438\u0441\u0442\u0438\u043a\u0438"}]},{"@type":"WebSite","@id":"https:\/\/example.blog.blog.wp.og.wordpress.logart.com.pl\/#website","url":"https:\/\/example.blog.blog.wp.og.wordpress.logart.com.pl\/","name":"Logart","description":"Personnel Consulting","potentialAction":[{"@type":"SearchAction","target":{"@type":"EntryPoint","urlTemplate":"https:\/\/example.blog.blog.wp.og.wordpress.logart.com.pl\/?s={search_term_string}"},"query-input":"required name=search_term_string"}],"inLanguage":"pl-PL"}]}},"_links":{"self":[{"href":"https:\/\/www.logart.com.pl\/index.php\/wp-json\/wp\/v2\/pages\/600"}],"collection":[{"href":"https:\/\/www.logart.com.pl\/index.php\/wp-json\/wp\/v2\/pages"}],"about":[{"href":"https:\/\/www.logart.com.pl\/index.php\/wp-json\/wp\/v2\/types\/page"}],"author":[{"embeddable":true,"href":"https:\/\/www.logart.com.pl\/index.php\/wp-json\/wp\/v2\/users\/1"}],"replies":[{"embeddable":true,"href":"https:\/\/www.logart.com.pl\/index.php\/wp-json\/wp\/v2\/comments?post=600"}],"version-history":[{"count":25,"href":"https:\/\/www.logart.com.pl\/index.php\/wp-json\/wp\/v2\/pages\/600\/revisions"}],"predecessor-version":[{"id":2225,"href":"https:\/\/www.logart.com.pl\/index.php\/wp-json\/wp\/v2\/pages\/600\/revisions\/2225"}],"up":[{"embeddable":true,"href":"https:\/\/www.logart.com.pl\/index.php\/wp-json\/wp\/v2\/pages\/114"}],"wp:attachment":[{"href":"https:\/\/www.logart.com.pl\/index.php\/wp-json\/wp\/v2\/media?parent=600"}],"curies":[{"name":"wp","href":"https:\/\/api.w.org\/{rel}","templated":true}]}}