{"id":173,"date":"2016-01-16T12:05:26","date_gmt":"2016-01-16T12:05:26","guid":{"rendered":"http:\/\/logart.com.pl\/?page_id=173"},"modified":"2019-07-11T12:04:19","modified_gmt":"2019-07-11T12:04:19","slug":"rekrutacja-menedzerow-i-specjalistow","status":"publish","type":"page","link":"https:\/\/www.logart.com.pl\/index.php\/dla-pracodawcy\/rekrutacja-menedzerow-i-specjalistow\/","title":{"rendered":"Rekrutacja mened\u017cer\u00f3w i specjalist\u00f3w"},"content":{"rendered":"<p><\/p>\n<h3 style=\"text-align: justify;\">Rekrutacja mened\u017cer\u00f3w i specjalist\u00f3w<strong><br \/>\n<\/strong><\/h3>\n<p style=\"text-align: justify;\">W zakresie rekrutacji na stanowiska specjalistyczne i kierownicze\u00a0zaufa\u0142o nam ju\u017c ponad 80 znanych przedsi\u0119biorstw polskich i zagranicznych. Dla tych firm wyszukujemy kandydat\u00f3w do pracy na stanowiskach zwi\u0105zanych zar\u00f3wno z dzia\u0142alno\u015bci\u0105 operacyjn\u0105, jaki i sprzeda\u017cow\u0105.\u00a0Zastosowanie przemy\u015blanych strategii rekrutacyjnych\u00a0pozwala nam przyci\u0105ga\u0107 kandydat\u00f3w o wysokich kwalifikacjach.<\/p>\n<p><a href=\"http:\/\/logart.com.pl\/wp-content\/uploads\/2016\/01\/Rysunek2.jpg\"><img decoding=\"async\" loading=\"lazy\" class=\"aligncenter wp-image-907\" src=\"http:\/\/logart.com.pl\/wp-content\/uploads\/2016\/01\/Rysunek2-1024x634.jpg\" alt=\"Rysunek2\" width=\"780\" height=\"483\" srcset=\"https:\/\/www.logart.com.pl\/wp-content\/uploads\/2016\/01\/Rysunek2-1024x634.jpg 1024w, https:\/\/www.logart.com.pl\/wp-content\/uploads\/2016\/01\/Rysunek2-300x186.jpg 300w\" sizes=\"(max-width: 780px) 100vw, 780px\" \/><\/a><\/p>\n<h4 style=\"text-align: justify;\">Direct Search<\/h4>\n<p style=\"text-align: justify;\">W przypadku niekt\u00f3rych zlece\u0144 liczba dost\u0119pnych na rynku kandydat\u00f3w jest ograniczona i tradycyjne metody rekrutacji nie przynosz\u0105 oczekiwanych rezultat\u00f3w. W takich sytuacjach <strong>dzi\u0119ki wykorzystaniu doskona\u0142ej znajomo\u015bci rynku i szerokich kontakt\u00f3w bran\u017cowych mo\u017cemy zwraca\u0107 si\u0119 do os\u00f3b, kt\u00f3re w danym momencie nie poszukuj\u0105 aktywnie pracy.<\/strong> Us\u0142uga ta wykonywana jest przez nas przy zachowaniu zasady poufno\u015bci.<\/p>\n<h4 style=\"text-align: justify;\">Prowadzimy projekty rekrutacyjne mi\u0119dzy innymi w:<\/h4>\n<ul style=\"text-align: justify;\">\n<li>Warszawie i okolicach<\/li>\n<li>Gdyni<\/li>\n<li>Katowicach<\/li>\n<li>Wroc\u0142awiu<\/li>\n<li>Poznaniu<\/li>\n<\/ul>\n<h4 style=\"text-align: justify;\">Gwarancja<\/h4>\n<p style=\"text-align: justify;\">W ramach realizowanych zlece\u0144 rekrutacyjnych udzielamy gwarancji. Je\u017celi w ustalonym czasie\u00a0wsp\u00f3\u0142praca z wybranym kandydatem zostanie zako\u0144czona &#8211; kolejna rekrutacja jest przeprowadzana bezp\u0142atnie.<\/p>\n<p style=\"text-align: justify;\">Zapewniamy pe\u0142n\u0105 dyskrecj\u0119 w projektach rekrutacyjnych, kt\u00f3re tego wymagaj\u0105.<\/p>\n<p style=\"text-align: justify;\"><strong>Na jakie stanowisko mogliby\u015bmy zaproponowa\u0107 Pa\u0144stwu kandydata?<\/strong>\u00a0Prosimy o kontakt\u00a0na adres: <strong>logart@logart.info.<\/strong><\/p>\n<p><\/p>","protected":false},"excerpt":{"rendered":"<p>Najwi\u0119kszym kapita\u0142em ka\u017cdego przedsi\u0119biorstwa s\u0105 ludzie: dobrze wykwalifikowani i odpowiednio dopasowani do zada\u0144 i otoczenia. Takich pozyskujemy dla naszych klient\u00f3w. Specjalizujemy si\u0119 w obs\u0142udze rynku TSL.<\/p>\n","protected":false},"author":1,"featured_media":0,"parent":114,"menu_order":11,"comment_status":"closed","ping_status":"closed","template":"","meta":{"_mi_skip_tracking":false,"_monsterinsights_sitenote_active":false,"_monsterinsights_sitenote_note":"","_monsterinsights_sitenote_category":0},"acf":[],"yoast_head":"<!-- This site is optimized with the Yoast SEO plugin v21.3 - https:\/\/yoast.com\/wordpress\/plugins\/seo\/ -->\n<title>Rekrutacja mened\u017cer\u00f3w Warszawa - Logart<\/title>\n<meta name=\"robots\" content=\"index, follow, max-snippet:-1, max-image-preview:large, max-video-preview:-1\" \/>\n<link rel=\"canonical\" href=\"https:\/\/shop.wp.logart.com.pl\/index.php\/dla-pracodawcy\/rekrutacja-menedzerow-i-specjalistow\/\" \/>\n<meta property=\"og:locale\" content=\"pl_PL\" \/>\n<meta property=\"og:type\" content=\"article\" \/>\n<meta property=\"og:title\" content=\"Rekrutacja mened\u017cer\u00f3w Warszawa - Logart\" \/>\n<meta property=\"og:description\" content=\"[:pl]Najwi\u0119kszym kapita\u0142em ka\u017cdego przedsi\u0119biorstwa s\u0105 ludzie: dobrze wykwalifikowani i odpowiednio dopasowani do zada\u0144 i otoczenia. Takich pozyskujemy dla naszych klient\u00f3w. Specjalizujemy si\u0119 w obs\u0142udze rynku TSL.[:en]In scope of recruitment for specialist and manager positions we were entrusted already by over 80 known Corporation both Polish and foreign. For these companies we search candidates for positions connected both with operative and sale activity. Use of considered recruitment strategies lets us to attract candidates with high qualification.[:ru]\u0417\u0430 \u0432\u0440\u0435\u043c\u044f \u043f\u043e\u0434\u0431\u043e\u0440\u0430 \u0441\u043e\u0442\u0440\u0443\u0434\u043d\u0438\u043a\u043e\u0432 \u043d\u0430 \u0441\u043f\u0435\u0446\u0438\u0430\u043b\u0438\u0437\u0438\u0440\u043e\u0432\u0430\u043d\u043d\u044b\u0435 \u0438 \u0443\u043f\u0440\u0430\u0432\u043b\u0435\u043d\u0447\u0435\u0441\u043a\u0438\u0435 \u0434\u043e\u043b\u0436\u043d\u043e\u0441\u0442\u0438, \u0441\u0442\u0430\u043b\u0438 \u0434\u043e\u0432\u0435\u0440\u044f\u0442\u044c \u043d\u0430\u043c \u0443\u0436\u0435 \u0431\u043e\u043b\u0435\u0435 80 \u0438\u0437\u0432\u0435\u0441\u0442\u043d\u044b\u0445 \u043f\u043e\u043b\u044c\u0441\u043a\u0438\u0445 \u0438 \u0437\u0430\u0433\u0440\u0430\u043d\u0438\u0447\u043d\u044b\u0445 \u0444\u0438\u0440\u043c. \u0414\u043b\u044f \u044d\u0442\u0438\u0445 \u0444\u0438\u0440\u043c \u043c\u044b \u0438\u0449\u0435\u043c \u043a\u0430\u043d\u0434\u0438\u0434\u0430\u0442\u043e\u0432 \u0434\u043b\u044f \u0440\u0430\u0431\u043e\u0442\u044b \u043d\u0430 \u0434\u043e\u043b\u0436\u043d\u043e\u0441\u0442\u044f\u0445, \u0441\u0432\u044f\u0437\u0430\u043d\u043d\u044b\u0445 \u0441 \u043a\u0430\u043a \u043e\u043f\u0435\u0440\u0430\u0446\u0438\u043e\u043d\u043d\u043e\u0439 \u0434\u0435\u044f\u0442\u0435\u043b\u044c\u043d\u043e\u0441\u0442\u044c\u044e, \u0442\u0430\u043a \u0438 \u0441 \u043f\u0440\u043e\u0434\u0430\u0436\u0430\u043c\u0438. \u0418\u0441\u043f\u043e\u043b\u044c\u0437\u043e\u0432\u0430\u043d\u0438\u0435 \u043d\u0430\u043c\u0435\u0440\u0435\u043d\u043d\u044b\u0445 \u0441\u0442\u0440\u0430\u0442\u0435\u0433\u0438\u0439 \u043d\u0430\u0431\u043e\u0440\u0430 \u043a\u0430\u0434\u0440\u043e\u0432 \u043f\u043e\u0437\u0432\u043e\u043b\u044f\u0435\u0442 \u043d\u0430\u043c \u043f\u0440\u0438\u0432\u043b\u0435\u043a\u0430\u0442\u044c \u0432\u044b\u0441\u043e\u043a\u043e\u043a\u0432\u0430\u043b\u0438\u0444\u0438\u0446\u0438\u0440\u043e\u0432\u0430\u043d\u043d\u044b\u0445 \u043a\u0430\u043d\u0434\u0438\u0434\u0430\u0442\u043e\u0432.[:]\" \/>\n<meta property=\"og:url\" content=\"https:\/\/shop.wp.logart.com.pl\/index.php\/dla-pracodawcy\/rekrutacja-menedzerow-i-specjalistow\/\" \/>\n<meta property=\"og:site_name\" content=\"Logart\" \/>\n<meta property=\"article:modified_time\" content=\"2019-07-11T12:04:19+00:00\" \/>\n<meta property=\"og:image\" content=\"http:\/\/logart.com.pl\/wp-content\/uploads\/2016\/01\/Rysunek2-1024x634.jpg\" \/>\n<meta name=\"twitter:card\" content=\"summary_large_image\" \/>\n<meta name=\"twitter:label1\" content=\"Szacowany czas czytania\" \/>\n\t<meta name=\"twitter:data1\" content=\"2 minuty\" \/>\n<script type=\"application\/ld+json\" class=\"yoast-schema-graph\">{\"@context\":\"https:\/\/schema.org\",\"@graph\":[{\"@type\":\"WebPage\",\"@id\":\"https:\/\/shop.wp.logart.com.pl\/index.php\/dla-pracodawcy\/rekrutacja-menedzerow-i-specjalistow\/\",\"url\":\"https:\/\/shop.wp.logart.com.pl\/index.php\/dla-pracodawcy\/rekrutacja-menedzerow-i-specjalistow\/\",\"name\":\"Rekrutacja mened\u017cer\u00f3w Warszawa - Logart\",\"isPartOf\":{\"@id\":\"https:\/\/logart.com.pl\/#website\"},\"datePublished\":\"2016-01-16T12:05:26+00:00\",\"dateModified\":\"2019-07-11T12:04:19+00:00\",\"breadcrumb\":{\"@id\":\"https:\/\/shop.wp.logart.com.pl\/index.php\/dla-pracodawcy\/rekrutacja-menedzerow-i-specjalistow\/#breadcrumb\"},\"inLanguage\":\"pl-PL\",\"potentialAction\":[{\"@type\":\"ReadAction\",\"target\":[\"https:\/\/shop.wp.logart.com.pl\/index.php\/dla-pracodawcy\/rekrutacja-menedzerow-i-specjalistow\/\"]}]},{\"@type\":\"BreadcrumbList\",\"@id\":\"https:\/\/shop.wp.logart.com.pl\/index.php\/dla-pracodawcy\/rekrutacja-menedzerow-i-specjalistow\/#breadcrumb\",\"itemListElement\":[{\"@type\":\"ListItem\",\"position\":1,\"name\":\"Strona g\u0142\u00f3wna\",\"item\":\"https:\/\/logart.com.pl\/\"},{\"@type\":\"ListItem\",\"position\":2,\"name\":\"For employers\",\"item\":\"https:\/\/logart.com.pl\/index.php\/dla-pracodawcy\/?lang=en\"},{\"@type\":\"ListItem\",\"position\":3,\"name\":\"Rekrutacja mened\u017cer\u00f3w i specjalist\u00f3w\"}]},{\"@type\":\"WebSite\",\"@id\":\"https:\/\/logart.com.pl\/#website\",\"url\":\"https:\/\/logart.com.pl\/\",\"name\":\"Logart\",\"description\":\"Personnel Consulting\",\"potentialAction\":[{\"@type\":\"SearchAction\",\"target\":{\"@type\":\"EntryPoint\",\"urlTemplate\":\"https:\/\/logart.com.pl\/?s={search_term_string}\"},\"query-input\":\"required name=search_term_string\"}],\"inLanguage\":\"pl-PL\"}]}<\/script>\n<!-- \/ Yoast SEO plugin. -->","yoast_head_json":{"title":"Rekrutacja mened\u017cer\u00f3w Warszawa - Logart","robots":{"index":"index","follow":"follow","max-snippet":"max-snippet:-1","max-image-preview":"max-image-preview:large","max-video-preview":"max-video-preview:-1"},"canonical":"https:\/\/shop.wp.logart.com.pl\/index.php\/dla-pracodawcy\/rekrutacja-menedzerow-i-specjalistow\/","og_locale":"pl_PL","og_type":"article","og_title":"Rekrutacja mened\u017cer\u00f3w Warszawa - Logart","og_description":"[:pl]Najwi\u0119kszym kapita\u0142em ka\u017cdego przedsi\u0119biorstwa s\u0105 ludzie: dobrze wykwalifikowani i odpowiednio dopasowani do zada\u0144 i otoczenia. Takich pozyskujemy dla naszych klient\u00f3w. Specjalizujemy si\u0119 w obs\u0142udze rynku TSL.[:en]In scope of recruitment for specialist and manager positions we were entrusted already by over 80 known Corporation both Polish and foreign. For these companies we search candidates for positions connected both with operative and sale activity. Use of considered recruitment strategies lets us to attract candidates with high qualification.[:ru]\u0417\u0430 \u0432\u0440\u0435\u043c\u044f \u043f\u043e\u0434\u0431\u043e\u0440\u0430 \u0441\u043e\u0442\u0440\u0443\u0434\u043d\u0438\u043a\u043e\u0432 \u043d\u0430 \u0441\u043f\u0435\u0446\u0438\u0430\u043b\u0438\u0437\u0438\u0440\u043e\u0432\u0430\u043d\u043d\u044b\u0435 \u0438 \u0443\u043f\u0440\u0430\u0432\u043b\u0435\u043d\u0447\u0435\u0441\u043a\u0438\u0435 \u0434\u043e\u043b\u0436\u043d\u043e\u0441\u0442\u0438, \u0441\u0442\u0430\u043b\u0438 \u0434\u043e\u0432\u0435\u0440\u044f\u0442\u044c \u043d\u0430\u043c \u0443\u0436\u0435 \u0431\u043e\u043b\u0435\u0435 80 \u0438\u0437\u0432\u0435\u0441\u0442\u043d\u044b\u0445 \u043f\u043e\u043b\u044c\u0441\u043a\u0438\u0445 \u0438 \u0437\u0430\u0433\u0440\u0430\u043d\u0438\u0447\u043d\u044b\u0445 \u0444\u0438\u0440\u043c. \u0414\u043b\u044f \u044d\u0442\u0438\u0445 \u0444\u0438\u0440\u043c \u043c\u044b \u0438\u0449\u0435\u043c \u043a\u0430\u043d\u0434\u0438\u0434\u0430\u0442\u043e\u0432 \u0434\u043b\u044f \u0440\u0430\u0431\u043e\u0442\u044b \u043d\u0430 \u0434\u043e\u043b\u0436\u043d\u043e\u0441\u0442\u044f\u0445, \u0441\u0432\u044f\u0437\u0430\u043d\u043d\u044b\u0445 \u0441 \u043a\u0430\u043a \u043e\u043f\u0435\u0440\u0430\u0446\u0438\u043e\u043d\u043d\u043e\u0439 \u0434\u0435\u044f\u0442\u0435\u043b\u044c\u043d\u043e\u0441\u0442\u044c\u044e, \u0442\u0430\u043a \u0438 \u0441 \u043f\u0440\u043e\u0434\u0430\u0436\u0430\u043c\u0438. \u0418\u0441\u043f\u043e\u043b\u044c\u0437\u043e\u0432\u0430\u043d\u0438\u0435 \u043d\u0430\u043c\u0435\u0440\u0435\u043d\u043d\u044b\u0445 \u0441\u0442\u0440\u0430\u0442\u0435\u0433\u0438\u0439 \u043d\u0430\u0431\u043e\u0440\u0430 \u043a\u0430\u0434\u0440\u043e\u0432 \u043f\u043e\u0437\u0432\u043e\u043b\u044f\u0435\u0442 \u043d\u0430\u043c \u043f\u0440\u0438\u0432\u043b\u0435\u043a\u0430\u0442\u044c \u0432\u044b\u0441\u043e\u043a\u043e\u043a\u0432\u0430\u043b\u0438\u0444\u0438\u0446\u0438\u0440\u043e\u0432\u0430\u043d\u043d\u044b\u0445 \u043a\u0430\u043d\u0434\u0438\u0434\u0430\u0442\u043e\u0432.[:]","og_url":"https:\/\/shop.wp.logart.com.pl\/index.php\/dla-pracodawcy\/rekrutacja-menedzerow-i-specjalistow\/","og_site_name":"Logart","article_modified_time":"2019-07-11T12:04:19+00:00","og_image":[{"url":"http:\/\/logart.com.pl\/wp-content\/uploads\/2016\/01\/Rysunek2-1024x634.jpg"}],"twitter_card":"summary_large_image","twitter_misc":{"Szacowany czas czytania":"2 minuty"},"schema":{"@context":"https:\/\/schema.org","@graph":[{"@type":"WebPage","@id":"https:\/\/shop.wp.logart.com.pl\/index.php\/dla-pracodawcy\/rekrutacja-menedzerow-i-specjalistow\/","url":"https:\/\/shop.wp.logart.com.pl\/index.php\/dla-pracodawcy\/rekrutacja-menedzerow-i-specjalistow\/","name":"Rekrutacja mened\u017cer\u00f3w Warszawa - Logart","isPartOf":{"@id":"https:\/\/logart.com.pl\/#website"},"datePublished":"2016-01-16T12:05:26+00:00","dateModified":"2019-07-11T12:04:19+00:00","breadcrumb":{"@id":"https:\/\/shop.wp.logart.com.pl\/index.php\/dla-pracodawcy\/rekrutacja-menedzerow-i-specjalistow\/#breadcrumb"},"inLanguage":"pl-PL","potentialAction":[{"@type":"ReadAction","target":["https:\/\/shop.wp.logart.com.pl\/index.php\/dla-pracodawcy\/rekrutacja-menedzerow-i-specjalistow\/"]}]},{"@type":"BreadcrumbList","@id":"https:\/\/shop.wp.logart.com.pl\/index.php\/dla-pracodawcy\/rekrutacja-menedzerow-i-specjalistow\/#breadcrumb","itemListElement":[{"@type":"ListItem","position":1,"name":"Strona g\u0142\u00f3wna","item":"https:\/\/logart.com.pl\/"},{"@type":"ListItem","position":2,"name":"For employers","item":"https:\/\/logart.com.pl\/index.php\/dla-pracodawcy\/?lang=en"},{"@type":"ListItem","position":3,"name":"Rekrutacja mened\u017cer\u00f3w i specjalist\u00f3w"}]},{"@type":"WebSite","@id":"https:\/\/logart.com.pl\/#website","url":"https:\/\/logart.com.pl\/","name":"Logart","description":"Personnel Consulting","potentialAction":[{"@type":"SearchAction","target":{"@type":"EntryPoint","urlTemplate":"https:\/\/logart.com.pl\/?s={search_term_string}"},"query-input":"required name=search_term_string"}],"inLanguage":"pl-PL"}]}},"_links":{"self":[{"href":"https:\/\/www.logart.com.pl\/index.php\/wp-json\/wp\/v2\/pages\/173"}],"collection":[{"href":"https:\/\/www.logart.com.pl\/index.php\/wp-json\/wp\/v2\/pages"}],"about":[{"href":"https:\/\/www.logart.com.pl\/index.php\/wp-json\/wp\/v2\/types\/page"}],"author":[{"embeddable":true,"href":"https:\/\/www.logart.com.pl\/index.php\/wp-json\/wp\/v2\/users\/1"}],"replies":[{"embeddable":true,"href":"https:\/\/www.logart.com.pl\/index.php\/wp-json\/wp\/v2\/comments?post=173"}],"version-history":[{"count":47,"href":"https:\/\/www.logart.com.pl\/index.php\/wp-json\/wp\/v2\/pages\/173\/revisions"}],"predecessor-version":[{"id":1989,"href":"https:\/\/www.logart.com.pl\/index.php\/wp-json\/wp\/v2\/pages\/173\/revisions\/1989"}],"up":[{"embeddable":true,"href":"https:\/\/www.logart.com.pl\/index.php\/wp-json\/wp\/v2\/pages\/114"}],"wp:attachment":[{"href":"https:\/\/www.logart.com.pl\/index.php\/wp-json\/wp\/v2\/media?parent=173"}],"curies":[{"name":"wp","href":"https:\/\/api.w.org\/{rel}","templated":true}]}}