{"id":127,"date":"2015-11-30T12:16:14","date_gmt":"2015-11-30T12:16:14","guid":{"rendered":"http:\/\/logart.com.pl\/?page_id=127"},"modified":"2016-01-18T17:18:45","modified_gmt":"2016-01-18T17:18:45","slug":"praca","status":"publish","type":"page","link":"https:\/\/www.logart.com.pl\/index.php\/praca\/","title":{"rendered":"Praca"},"content":{"rendered":"<p>\n\t\t<div class=\"row\">\n\t\t<div class=\"col-md-3 jobs\">\n\t\t<div class=\"job_application application\"><a href=\"https:\/\/www.logart.com.pl\/index.php\/aplikujesz-na-stanowisko?\/s\" class=\"application_button button\">Aplikuj\u0119<\/a><a href=\"https:\/\/www.logart.com.pl\/index.php\/oferty\" class=\"application_button back\">Powr\u00f3t do listy ofert<\/a>\n\t\t<\/div>\n\t\t<hr \/>\n\t\t\n\t\t<form class=\"job_filters block\" action=\"https:\/\/www.logart.com.pl\/index.php\/oferty\">\n\t\n\t\t\t<div class=\"search_jobs\">\n\t\t\t<h3>Szukaj ofert pracy<\/h3>\n\t\t\t\t\t\t\n\t\t\t\n\t\t\t\t<div class=\"search_location\">\n\t\t\t\t\t<label for=\"search_location\">Lokalizacja<\/label>\n\t\t\t\t\t<!--<input type=\"text\" name=\"search_location\" id=\"search_location\" placeholder=\"Miejscowo\u015b\u0107\" value=\"\">-->\n\t\t\t\t\t<select class=\"bordered\" id=\"search_location\" name=\"search_state\">\n\t\t\t\t\t<option value=\"\">-- wybierz wojew\u00f3dztwo--<\/option><option  value=\"DOLNO\u015aL\u0104SKIE\">DOLNO\u015aL\u0104SKIE<\/option><option  value=\"KUJAWSKO-POMORSKIE\">KUJAWSKO-POMORSKIE<\/option><option  value=\"LUBELSKIE\">LUBELSKIE<\/option><option  value=\"LUBUSKIE\">LUBUSKIE<\/option><option  value=\"\u0141\u00d3DZKIE\">\u0141\u00d3DZKIE<\/option><option  value=\"MA\u0141OPOLSKIE\">MA\u0141OPOLSKIE<\/option><option  value=\"MAZOWIECKIE\">MAZOWIECKIE<\/option><option  value=\"OPOLSKIE\">OPOLSKIE<\/option><option  value=\"PODKARPACKIE\">PODKARPACKIE<\/option><option  value=\"PODLASKIE\">PODLASKIE<\/option><option  value=\"POMORSKIE\">POMORSKIE<\/option><option  value=\"\u015aL\u0104SKIE\">\u015aL\u0104SKIE<\/option><option  value=\"\u015aWI\u0118TOKRZYSKIE\">\u015aWI\u0118TOKRZYSKIE<\/option><option  value=\"WARMI\u0143SKO-MAZURSKIE\">WARMI\u0143SKO-MAZURSKIE<\/option><option  value=\"WIELKOPOLSKIE\">WIELKOPOLSKIE<\/option><option  value=\"ZACHODNIOPOMORSKIE\">ZACHODNIOPOMORSKIE<\/option><option  value=\"ZAGRANICA\">ZAGRANICA<\/option>\n\t\t\t\t\t<\/select>\n\t\t\t\t<\/div>\n\t\t\t<input type=\"hidden\" name=\"pg\" value=\"1\">\n\t\t\t\t<div class=\"search_keywords\">\n\t\t\t\t\t<label for=\"search_keywords\">Stanowisko<\/label>\n\t\t\t\t\t<input type=\"text\" class=\"bordered\" name=\"search_keywords\" id=\"search_keywords\" placeholder=\"S\u0142owo kluczowe\" value=\"\">\n\t\t\t\t<\/div>\n<div class=\"search_button\">\n\t\t\t\t\t<input type=\"submit\" value=\"Szukaj\"> \n\t\t\t\t\t\n\t\t\t\t<\/div>\n\t\t\t\t\n\t\t\t\t\n\t\t\t<\/div>\n\t\n\n\t\n\t\t<\/form>\n\t\t<\/div>\n\t\t<div class=\"col-md-9 jobs\">\n\t\t<div class=\"job-box\">\n\t\t<!-- \n\t\t<div class=\"single_job_listing\"><ul class=\"meta\" style=\"float:right\">\n\t\n\t\t<li class=\"job-type \" itemprop=\"employmentType\"><\/li>\n\n\t\t<li class=\"location\" itemprop=\"jobLocation\"><span class=\"google_map_link\" ><\/span><\/li>\n\n\t\t<li class=\"date-posted\" itemprop=\"datePosted\"><date>Data publikacji: 01-01-1970<\/date><\/li>\n\n\t\n\t\t<\/ul>\n\t\t<\/div> <p class=\"sep\">&nbsp;<\/p> --><h3 class=\"text-center job-position\"><\/h3><h6 class=\"text-justify\">Informacja o przetwarzaniu danych osobowych:<\/h5>\n\t\t\t\t\t<p class=\"text-justify font-666\"><i id=\"acceptance\">Administratorami danych osobowych s\u0105 Logart Sp. z o.o., adres siedziby:  ul. Karola Hiellego 3\/108, 96-300 \u017byrard\u00f3w, NIP: 8381852559 oraz Logart, adres siedziby: ul. Armii Krajowej 41, 96-314 Baran\u00f3w, NIP: 8381256389. Dane osobowe mog\u0105 by\u0107 udost\u0119pnione potencjalnym pracodawcom oraz podmiotom wsp\u00f3\u0142pracuj\u0105cym z Administratorem. Kandydatowi przys\u0142uguje prawo dost\u0119pu do swoich danych osobowych, w\u0142\u0105czaj\u0105c w to prawo do ich usuni\u0119cia. Aplikacja oznacza potwierdzenie zapoznania si\u0119 z zasadami przetwarzania danych osobowych przez Administrator\u00f3w oraz przys\u0142uguj\u0105cych kandydatowi prawach, opublikowanych na stronie <a href=\"http:\/\/www.logart.com.pl\/index.php\/rodo\">www.logart.com.pl\/index.php\/rodo<\/a>.<\/i><\/p><br \/><center><a href=\"\/index.php\/aplikujesz-na-stanowisko\/?\" class=\"application_button button\">Aplikuj\u0119<\/a><\/center><\/div><\/div><\/div><\/p>","protected":false},"excerpt":{"rendered":"","protected":false},"author":1,"featured_media":0,"parent":0,"menu_order":20,"comment_status":"closed","ping_status":"closed","template":"","meta":{"_mi_skip_tracking":false,"_monsterinsights_sitenote_active":false,"_monsterinsights_sitenote_note":"","_monsterinsights_sitenote_category":0},"acf":[],"yoast_head":"<!-- This site is optimized with the Yoast SEO plugin v21.3 - https:\/\/yoast.com\/wordpress\/plugins\/seo\/ -->\n<title>Praca - Logart<\/title>\n<meta name=\"robots\" content=\"index, follow, max-snippet:-1, max-image-preview:large, max-video-preview:-1\" \/>\n<link rel=\"canonical\" href=\"https:\/\/www.wp.blog.wordpress.logart.com.pl\/index.php\/praca\/\" \/>\n<meta property=\"og:locale\" content=\"pl_PL\" \/>\n<meta property=\"og:type\" content=\"article\" \/>\n<meta property=\"og:title\" content=\"[:pl]Praca[:] - Logart\" \/>\n<meta property=\"og:url\" content=\"https:\/\/www.wp.blog.wordpress.logart.com.pl\/index.php\/praca\/\" \/>\n<meta property=\"og:site_name\" content=\"Logart\" \/>\n<meta property=\"article:modified_time\" content=\"2016-01-18T17:18:45+00:00\" \/>\n<meta name=\"twitter:card\" content=\"summary_large_image\" \/>\n<script type=\"application\/ld+json\" class=\"yoast-schema-graph\">{\"@context\":\"https:\/\/schema.org\",\"@graph\":[{\"@type\":\"WebPage\",\"@id\":\"https:\/\/www.wp.blog.wordpress.logart.com.pl\/index.php\/praca\/\",\"url\":\"https:\/\/www.wp.blog.wordpress.logart.com.pl\/index.php\/praca\/\",\"name\":\"[:pl]Praca[:] - Logart\",\"isPartOf\":{\"@id\":\"https:\/\/logart.com.pl\/#website\"},\"datePublished\":\"2015-11-30T12:16:14+00:00\",\"dateModified\":\"2016-01-18T17:18:45+00:00\",\"breadcrumb\":{\"@id\":\"https:\/\/www.wp.blog.wordpress.logart.com.pl\/index.php\/praca\/#breadcrumb\"},\"inLanguage\":\"pl-PL\",\"potentialAction\":[{\"@type\":\"ReadAction\",\"target\":[\"https:\/\/www.wp.blog.wordpress.logart.com.pl\/index.php\/praca\/\"]}]},{\"@type\":\"BreadcrumbList\",\"@id\":\"https:\/\/www.wp.blog.wordpress.logart.com.pl\/index.php\/praca\/#breadcrumb\",\"itemListElement\":[{\"@type\":\"ListItem\",\"position\":1,\"name\":\"Strona g\u0142\u00f3wna\",\"item\":\"https:\/\/logart.com.pl\/\"},{\"@type\":\"ListItem\",\"position\":2,\"name\":\"Praca\"}]},{\"@type\":\"WebSite\",\"@id\":\"https:\/\/logart.com.pl\/#website\",\"url\":\"https:\/\/logart.com.pl\/\",\"name\":\"Logart\",\"description\":\"Personnel Consulting\",\"potentialAction\":[{\"@type\":\"SearchAction\",\"target\":{\"@type\":\"EntryPoint\",\"urlTemplate\":\"https:\/\/logart.com.pl\/?s={search_term_string}\"},\"query-input\":\"required name=search_term_string\"}],\"inLanguage\":\"pl-PL\"}]}<\/script>\n<!-- \/ Yoast SEO plugin. -->","yoast_head_json":{"title":"[:pl]Praca[:] - Logart","robots":{"index":"index","follow":"follow","max-snippet":"max-snippet:-1","max-image-preview":"max-image-preview:large","max-video-preview":"max-video-preview:-1"},"canonical":"https:\/\/www.wp.blog.wordpress.logart.com.pl\/index.php\/praca\/","og_locale":"pl_PL","og_type":"article","og_title":"[:pl]Praca[:] - Logart","og_url":"https:\/\/www.wp.blog.wordpress.logart.com.pl\/index.php\/praca\/","og_site_name":"Logart","article_modified_time":"2016-01-18T17:18:45+00:00","twitter_card":"summary_large_image","schema":{"@context":"https:\/\/schema.org","@graph":[{"@type":"WebPage","@id":"https:\/\/www.wp.blog.wordpress.logart.com.pl\/index.php\/praca\/","url":"https:\/\/www.wp.blog.wordpress.logart.com.pl\/index.php\/praca\/","name":"[:pl]Praca[:] - Logart","isPartOf":{"@id":"https:\/\/logart.com.pl\/#website"},"datePublished":"2015-11-30T12:16:14+00:00","dateModified":"2016-01-18T17:18:45+00:00","breadcrumb":{"@id":"https:\/\/www.wp.blog.wordpress.logart.com.pl\/index.php\/praca\/#breadcrumb"},"inLanguage":"pl-PL","potentialAction":[{"@type":"ReadAction","target":["https:\/\/www.wp.blog.wordpress.logart.com.pl\/index.php\/praca\/"]}]},{"@type":"BreadcrumbList","@id":"https:\/\/www.wp.blog.wordpress.logart.com.pl\/index.php\/praca\/#breadcrumb","itemListElement":[{"@type":"ListItem","position":1,"name":"Strona g\u0142\u00f3wna","item":"https:\/\/logart.com.pl\/"},{"@type":"ListItem","position":2,"name":"Praca"}]},{"@type":"WebSite","@id":"https:\/\/logart.com.pl\/#website","url":"https:\/\/logart.com.pl\/","name":"Logart","description":"Personnel Consulting","potentialAction":[{"@type":"SearchAction","target":{"@type":"EntryPoint","urlTemplate":"https:\/\/logart.com.pl\/?s={search_term_string}"},"query-input":"required name=search_term_string"}],"inLanguage":"pl-PL"}]}},"_links":{"self":[{"href":"https:\/\/www.logart.com.pl\/index.php\/wp-json\/wp\/v2\/pages\/127"}],"collection":[{"href":"https:\/\/www.logart.com.pl\/index.php\/wp-json\/wp\/v2\/pages"}],"about":[{"href":"https:\/\/www.logart.com.pl\/index.php\/wp-json\/wp\/v2\/types\/page"}],"author":[{"embeddable":true,"href":"https:\/\/www.logart.com.pl\/index.php\/wp-json\/wp\/v2\/users\/1"}],"replies":[{"embeddable":true,"href":"https:\/\/www.logart.com.pl\/index.php\/wp-json\/wp\/v2\/comments?post=127"}],"version-history":[{"count":6,"href":"https:\/\/www.logart.com.pl\/index.php\/wp-json\/wp\/v2\/pages\/127\/revisions"}],"predecessor-version":[{"id":303,"href":"https:\/\/www.logart.com.pl\/index.php\/wp-json\/wp\/v2\/pages\/127\/revisions\/303"}],"wp:attachment":[{"href":"https:\/\/www.logart.com.pl\/index.php\/wp-json\/wp\/v2\/media?parent=127"}],"curies":[{"name":"wp","href":"https:\/\/api.w.org\/{rel}","templated":true}]}}